{"id":324,"date":"2018-06-06T10:34:49","date_gmt":"2018-06-06T09:34:49","guid":{"rendered":"http:\/\/karate-stoernstein.de\/?page_id=324"},"modified":"2022-03-29T06:35:15","modified_gmt":"2022-03-29T05:35:15","slug":"impressum","status":"publish","type":"page","link":"https:\/\/karate-stoernstein.de\/?page_id=324","title":{"rendered":"Impressum"},"content":{"rendered":"<p><strong>Verantwortlich<\/strong>:<br \/>\nSV St\u00f6rnstein 1949 e.V.<br \/>\nAndreas Sennert<br \/>\nG\u00f6rnitzweg 1<br \/>\nD-92721 St\u00f6rnstein<\/p>\n<p><strong>Kontakt<\/strong>:<br \/>\ninfo@sv-stoernstein.de<\/p>\n<p><strong>Haftungsausschluss:<br \/>\nInhalte <\/strong><br \/>\nDie SV St\u00f6rnstein 1949 e. V., im folgendem SV St\u00f6rnstein genannt, \u00fcbernimmt keinerlei Gew\u00e4hr f\u00fcr die Aktualit\u00e4t, Korrektheit, Vollst\u00e4ndigkeit oder Qualit\u00e4t der bereitgestellten Informationen.<\/p>\n<p>Haftungsanspr\u00fcche gegen die SV St\u00f6rnstein, welche sich auf Sch\u00e4den immaterieller, materieller oder sonstiger Art beziehen, die durch Nutzung oder Nichtnutzung der dargebotenen Informationen, bzw. der Internetseite von des SV St\u00f6rnstein Abteilung Karate, bzw. durch die Nutzung fehlerhafter und unvollst\u00e4ndiger Informationen verursacht worden sind, sind grunds\u00e4tzlich ausgeschlossen.<\/p>\n<p>Bei den Inhalten der Internetseite des SV St\u00f6rnstein Abteilung Karate handelt es sich bei den beworbenen und angek\u00fcndigten T\u00e4tigkeiten sowie bei beschriebenen Leistungen um die Aufforderung zur Abgabe von Angeboten (inivitatio ad offerendum). Sollten verbindliche Angebote gemacht werden, so sind diese freibleibend und unverbindlich.<\/p>\n<p>Die SV St\u00f6rnstein beh\u00e4lt es sich ausdr\u00fccklich vor, Teile der Seiten oder das gesamte Angebot ohne gesonderte Ank\u00fcndigung zu ver\u00e4ndern, zu erg\u00e4nzen, zu l\u00f6schen oder die Ver\u00f6ffentlichung zeitweise oder endg\u00fcltig einzustellen.<\/p>\n<p><strong>Urheber- und Kennzeichenrecht<\/strong><br \/>\nDie SV St\u00f6rnstein ist bestrebt, in allen Publikationen die Urheberrechte der verwendeten Grafiken, Tondokumente, Videosequenzen und Texte zu beachten, von ihm selbst erstellte Grafiken, Tondokumente, Videosequenzen und Texte zu nutzen oder auf lizenzfreie Grafiken, Tondokumente, Videosequenzen und Texte zur\u00fcckzugreifen.<br \/>\nAlle innerhalb des Internetangebotes genannten und ggf. durch Dritte gesch\u00fctzten Marken- und Warenzeichen unterliegen uneingeschr\u00e4nkt den Bestimmungen des jeweils g\u00fcltigen Kennzeichenrechts und den Besitzrechten der jeweiligen eingetragenen Eigent\u00fcmer. Allein aufgrund der blo\u00dfen Nennung bzw. Nichtnennung ist nicht der Schlu\u00df zu ziehen, dass Markenzeichen nicht durch Rechte Dritter gesch\u00fctzt sind!<br \/>\nDas Copyright f\u00fcr ver\u00f6ffentlichte, von der SV St\u00f6rnstein selbst erstellte Objekte bleibt allein beim Autor der Seiten. Eine Vervielf\u00e4ltigung oder Verwendung solcher Grafiken, Tondokumente, Videosequenzen und Texte in anderen elektronischen oder gedruckten Publikationen ist ohne ausdr\u00fcckliche Zustimmung von der SV St\u00f6rnstein nicht gestattet.<\/p>\n<p><strong>\u00f6ffentliche G\u00e4stebuch- und Foreneintr\u00e4ge<\/strong><br \/>\nDie SV St\u00f6rnstein distanziert sich ausdr\u00fccklich von allem Inhalt der G\u00e4stebuch- und Foreneintr\u00e4ge. Die SV St\u00f6rnstein ist bestrebt beleidigende oder falsche Eintr\u00e4ge zu entfernen. Wir behalten uns das Recht vor Eintr\u00e4ge, welche gegen geltendes Recht versto\u00dfen, zur Anzeige zu bringen.<\/p>\n<p><strong>Verweise und Links<\/strong><br \/>\nEs wird darauf ausdr\u00fccklich hingewiesen, dass der SV St\u00f6rnstein f\u00fcr fremde Internetseiten keinerlei Haftung oder Gew\u00e4hr \u00fcbernimmt. Dies gilt auch f\u00fcr die Inhalte der Seiten. Alle Internetseiten, auf die verwiesen wird mit &#8220;links&#8221;, liegen nicht im Verantwortungsbereich der SV St\u00f6rnstein, so dass hierf\u00fcr keine Haftung \u00fcbernommen wird. Es wird darauf hingewiesen, dass gem\u00e4\u00df \u00a75 Abs. 3 Teledienstgesetz der SV St\u00f6rnstein sich f\u00fcr fremde Inhalte, zu denen sie lediglich den Zugang zur Nutzung vermittelt, nicht verantwortlich zeigt. Eine automatische und kurzzeitge Vorhaltung fremder Inhalte aufgrund Nutzerabfrage gilt als Zugangsvermittlung.<\/p>\n<p>Die SV St\u00f6rnstein wird die verlinkten Internetseiten pr\u00fcfen und hat die bereits gesetzten Links \u00fcberpr\u00fcft und teilt mit, dass nach der \u00dcberpr\u00fcfung keinerlei illegale Inhalte auf diesen Internetseiten zu finden waren. Dies wird rein vorsorglich dargelegt im Hinblick auf \u00a7 5 Abs. 2 Teledienstgesetz. Auf die aktuelle und zuk\u00fcnftige Gestaltung, die Inhalte, oder die Urheberschaft der gelinkten\/verkn\u00fcpften Seiten hat die SV St\u00f6rnstein keinen Einflu\u00df und distanziert sich ausdr\u00fccklich von allen Inhalten aller gelinkter und verkn\u00fcpfter Seiten, die nach der Linksetzung ver\u00e4ndert wurden.<\/p>\n<p>Diese Feststellung gilt f\u00fcr alle innerhalb des eigenen Internetangebotes gesetzten Links und Verweise sowie f\u00fcr Fremdeintr\u00e4ge in vom SV St\u00f6rnstein eingerichteten G\u00e4steb\u00fcchern, Diskussionsforen und Mailinglisten. F\u00fcr illegale, fehlerhafte oder unvollst\u00e4ndige Inhalte und insbesondere f\u00fcr Sch\u00e4den, die aus der Nutzung oder Nichtnutzung solcherart dargebotener Informationen entstehen, haftet allein der Anbieter der Seite, auf welche verwiesen wurde, nicht derjenige, der \u00fcber Links auf die jeweilige Ver\u00f6ffentlichung lediglich verweist.<\/p>\n<p><strong>Rechtswirksamkeit dieses Haftungsausschlusses<\/strong><br \/>\nDieser Haftungsausschluss ist als Teil des Internetangebotes zu betrachten, von dem aus auf diese Seite verwiesen wurde. Sofern Teile oder einzelne Formulierungen dieses Textes der geltenden Rechtslage nicht, nicht mehr oder nicht vollst\u00e4ndig entsprechen sollten, bleiben die \u00fcbrigen Teile des Dokumentes in ihrem Inhalt und ihrer G\u00fcltigkeit davon unber\u00fchrt. Sollten einzelne Bestimmungen dieses Impressums bzw. des Haftungsausschlusses und des Gew\u00e4hrleistungsausschlusses unwirksam oder nichtig sein oder werden, so bleiben alle anderen Bestimmungen hiervon unber\u00fchrt. Im Zweifelsfall bleibt es bei den gesetzlichen Bestimmungen.<\/p>\n","protected":false},"excerpt":{"rendered":"<p>Verantwortlich: SV St\u00f6rnstein 1949 e.V. Andreas Sennert G\u00f6rnitzweg 1 D-92721 St\u00f6rnstein Kontakt: info@sv-stoernstein.de Haftungsausschluss: Inhalte Die SV St\u00f6rnstein 1949 e. V., im folgendem SV St\u00f6rnstein genannt, \u00fcbernimmt keinerlei Gew\u00e4hr f\u00fcr die Aktualit\u00e4t, Korrektheit, Vollst\u00e4ndigkeit oder Qualit\u00e4t der bereitgestellten Informationen. Haftungsanspr\u00fcche gegen die SV St\u00f6rnstein, welche sich auf Sch\u00e4den immaterieller, materieller [&hellip;]<\/p>\n","protected":false},"author":1,"featured_media":0,"parent":0,"menu_order":0,"comment_status":"closed","ping_status":"closed","template":"","meta":{"footnotes":""},"class_list":["post-324","page","type-page","status-publish","hentry"],"_links":{"self":[{"href":"https:\/\/karate-stoernstein.de\/index.php?rest_route=\/wp\/v2\/pages\/324","targetHints":{"allow":["GET"]}}],"collection":[{"href":"https:\/\/karate-stoernstein.de\/index.php?rest_route=\/wp\/v2\/pages"}],"about":[{"href":"https:\/\/karate-stoernstein.de\/index.php?rest_route=\/wp\/v2\/types\/page"}],"author":[{"embeddable":true,"href":"https:\/\/karate-stoernstein.de\/index.php?rest_route=\/wp\/v2\/users\/1"}],"replies":[{"embeddable":true,"href":"https:\/\/karate-stoernstein.de\/index.php?rest_route=%2Fwp%2Fv2%2Fcomments&post=324"}],"version-history":[{"count":9,"href":"https:\/\/karate-stoernstein.de\/index.php?rest_route=\/wp\/v2\/pages\/324\/revisions"}],"predecessor-version":[{"id":628,"href":"https:\/\/karate-stoernstein.de\/index.php?rest_route=\/wp\/v2\/pages\/324\/revisions\/628"}],"wp:attachment":[{"href":"https:\/\/karate-stoernstein.de\/index.php?rest_route=%2Fwp%2Fv2%2Fmedia&parent=324"}],"curies":[{"name":"wp","href":"https:\/\/api.w.org\/{rel}","templated":true}]}}