{"id":62,"date":"2018-03-12T15:30:53","date_gmt":"2018-03-12T14:30:53","guid":{"rendered":"http:\/\/karate-stoernstein.de\/?page_id=62"},"modified":"2019-02-14T11:12:56","modified_gmt":"2019-02-14T10:12:56","slug":"startseite","status":"publish","type":"page","link":"https:\/\/karate-stoernstein.de\/","title":{"rendered":"Startseite"},"content":{"rendered":"<p style=\"font-weight: 400\">Im Januar 2000 fanden erstmals Sondierungsgespr\u00e4che der erfahrenen Karatekas Haydar Ayaz, Yavuz Ayaz und Bernd Kriegler mit den Verantwortlichen des Sportvereins statt, welche die M\u00f6glichkeiten zur Gr\u00fcndung einer Karateabteilung er\u00f6rterten.<\/p>\n<p style=\"font-weight: 400\">\n<p style=\"font-weight: 400\">Am 08.04.2000 wurde dann die Abteilung &#8220;Karate Dojo St\u00f6rnstein&#8221; aus der Taufe gehoben.<\/p>\n<p style=\"font-weight: 400\">\n<p style=\"font-weight: 400\">\n<p style=\"font-weight: 400\">Die Gr\u00fcndungsmitglieder waren:<\/p>\n<p style=\"font-weight: 400\"><strong>Bernd Kriegler,<\/strong><\/p>\n<p style=\"font-weight: 400\"><strong>Yavuz Ayaz und<\/strong><\/p>\n<p style=\"font-weight: 400\"><strong>Haydar Ayaz<\/strong><\/p>\n<p style=\"font-weight: 400\">\n<p style=\"font-weight: 400\">\n<p style=\"font-weight: 400\">Am 21. Februar 2000 wurde die Gr\u00fcndung des Karate-Dojo St\u00f6rnstein als Abteilung beschlossen. Nachdem Bernd Kriegler im M\u00e4rz 2000 die Pr\u00fcfung zum Fach\u00fcbungsleiter Karate in Regensburg bestanden hatte, startete im April das offizielle Karatetraining in der Turnhalle im Gemeindezentrum. Die Anf\u00e4ngerkurse waren gut besucht und die Abteilung konnte sich regen Zuspruchs erfreuen. Ein erster H\u00f6hepunkt f\u00fcr die Karatek\u00e4mpfer war die Fahrt zur Karate-Weltmeisterschaft in M\u00fcnchen im Oktober 2000.<br \/>Am 11. Juli 2000 fanden die ersten Karate G\u00fcrtelpr\u00fcfungen statt. Seitdem werden in regelm\u00e4\u00dfigen Abst\u00e4nden diese Pr\u00fcfungen durchgef\u00fchrt. Im November 2001 hielt Helmut K\u00f6rber (4. Dan) aus Bad Abbach einen Lehrgang mit abschlie\u00dfender Pr\u00fcfung. Mehrere Karatekas nahmen immer wieder an Lehrg\u00e4ngen und Karate Fortbildungskursen teil.<br \/>Einige Mitglieder absolvierten und bestanden die verschiedenen Dan Pr\u00fcfungen.<br \/>Ein erster Lehrgang mit \u00fcberregionalem Charakter fand am 20. September 2006 in der Turnhalle statt. Fritz Oblinger (6. Dan) aus Ingolstadt, Karate Do Referent im Bayerischen Karate Bund, leitete diesen Lehrgang. Diese Lehrg\u00e4nge mit Fritz Oblinger, einer Kapazit\u00e4t in Sachen Karatesport, konnten in den Jahren 2007 und 2008 jeweils wieder veranstaltet werden. Bei letzterem waren \u00fcber 80 Teilnehmer aus ganz Bayern und den neuen Bundesl\u00e4ndern dabei.<br \/>Nachdem Abteilungsleiter Bernd Kriegler bereits im Oktober 2002 die Ausbildung zum Karatelehrer in Frankfurt absolviert hatte, bestand im Juni 2008 Udo Trottmann die Pr\u00fcfung zum C-Trainer. Er leitet bereits seit April 2007 das Training f\u00fcr zwei Kindergruppen.<br \/>Am 25. April 2009 konnten Yavuz Ayaz und Bernd Kriegler weitere Gratulationen entgegennehmen. Sie bestanden beide die Pr\u00fcfung zum 4. Dan in Burglengenfeld.<br \/>Ein fester Bestandteil f\u00fcr die Mitglieder des Karate Dojo St\u00f6rnstein sind die j\u00e4hrlichen gemeinsamen Unternehmungen wie Ausfl\u00fcge, Zusammenk\u00fcnfte, Stammtisch und Weihnachtsfeiern, sowie die Teilnahmen an Fortbildungskursen und der respektvolle Umgang mit den Mitmenschen und die Weitergabe der Lehre des Karate Do.<\/p>\n","protected":false},"excerpt":{"rendered":"<p>Im Januar 2000 fanden erstmals Sondierungsgespr\u00e4che der erfahrenen Karatekas Haydar Ayaz, Yavuz Ayaz und Bernd Kriegler mit den Verantwortlichen des Sportvereins statt, welche die M\u00f6glichkeiten zur Gr\u00fcndung einer Karateabteilung er\u00f6rterten. Am 08.04.2000 wurde dann die Abteilung &#8220;Karate Dojo St\u00f6rnstein&#8221; aus der Taufe gehoben. Die Gr\u00fcndungsmitglieder waren: Bernd Kriegler, Yavuz Ayaz [&hellip;]<\/p>\n","protected":false},"author":1,"featured_media":126,"parent":0,"menu_order":0,"comment_status":"closed","ping_status":"closed","template":"","meta":{"footnotes":""},"class_list":["post-62","page","type-page","status-publish","has-post-thumbnail","hentry"],"_links":{"self":[{"href":"https:\/\/karate-stoernstein.de\/index.php?rest_route=\/wp\/v2\/pages\/62","targetHints":{"allow":["GET"]}}],"collection":[{"href":"https:\/\/karate-stoernstein.de\/index.php?rest_route=\/wp\/v2\/pages"}],"about":[{"href":"https:\/\/karate-stoernstein.de\/index.php?rest_route=\/wp\/v2\/types\/page"}],"author":[{"embeddable":true,"href":"https:\/\/karate-stoernstein.de\/index.php?rest_route=\/wp\/v2\/users\/1"}],"replies":[{"embeddable":true,"href":"https:\/\/karate-stoernstein.de\/index.php?rest_route=%2Fwp%2Fv2%2Fcomments&post=62"}],"version-history":[{"count":3,"href":"https:\/\/karate-stoernstein.de\/index.php?rest_route=\/wp\/v2\/pages\/62\/revisions"}],"predecessor-version":[{"id":202,"href":"https:\/\/karate-stoernstein.de\/index.php?rest_route=\/wp\/v2\/pages\/62\/revisions\/202"}],"wp:featuredmedia":[{"embeddable":true,"href":"https:\/\/karate-stoernstein.de\/index.php?rest_route=\/wp\/v2\/media\/126"}],"wp:attachment":[{"href":"https:\/\/karate-stoernstein.de\/index.php?rest_route=%2Fwp%2Fv2%2Fmedia&parent=62"}],"curies":[{"name":"wp","href":"https:\/\/api.w.org\/{rel}","templated":true}]}}